{"id":4137,"date":"2025-09-01T11:52:17","date_gmt":"2025-09-01T11:52:17","guid":{"rendered":"http:\/\/fibulahotel.hu\/?page_id=4137"},"modified":"2025-09-01T11:56:23","modified_gmt":"2025-09-01T11:56:23","slug":"ajandekozzon-pihenteto-wellness-elmenyt-szeretteinek","status":"publish","type":"page","link":"https:\/\/fibulahotel.hu\/en\/ajandekozzon-pihenteto-wellness-elmenyt-szeretteinek\/","title":{"rendered":"Surprise your beloved ones with a relaxing wellness experience!"},"content":{"rendered":"<div data-elementor-type=\"wp-page\" data-elementor-id=\"4137\" class=\"elementor elementor-4137\" data-elementor-post-type=\"page\">\n\t\t\t\t\t\t<section class=\"elementor-section elementor-top-section elementor-element elementor-element-35fa454 elementor-section-full_width elementor-section-height-default elementor-section-height-default\" data-id=\"35fa454\" data-element_type=\"section\" data-settings=\"{&quot;background_background&quot;:&quot;classic&quot;}\">\n\t\t\t\t\t\t\t<div class=\"elementor-background-overlay\"><\/div>\n\t\t\t\t\t\t\t<div class=\"elementor-container elementor-column-gap-no\">\n\t\t\t\t\t<div class=\"elementor-column elementor-col-100 elementor-top-column elementor-element elementor-element-65dadb9\" data-id=\"65dadb9\" data-element_type=\"column\">\n\t\t\t<div class=\"elementor-widget-wrap elementor-element-populated\">\n\t\t\t\t\t\t<div class=\"elementor-element elementor-element-eaae1f7 elementor-widget elementor-widget-kinsley-intro\" data-id=\"eaae1f7\" data-element_type=\"widget\" data-widget_type=\"kinsley-intro.default\">\n\t\t\t\t<div class=\"elementor-widget-container\">\n\t\t\t\t\t\n    <!-- banner -->\n    <section class=\"knsl-banner-simple knsl-transition-bottom knsl-banner-white\">\n      \n\t  \n      <div class=\"container\">\n        <div class=\"row\">\n          <div class=\"col-lg-12\">\n\n            <div class=\"knsl-center knsl-title-frame\">\n                            <h1 class=\"knsl-title--h knsl-mb-20 knsl-h1-inner\">\n                <span >\n                    Surprise your beloved ones with a relaxing wellness experience!                <\/span>\n              <\/h1>\n                            \n              \n            <\/div>\n\n          <\/div>\n        <\/div>\n      <\/div>\n    <\/section>\n    <!-- banner end -->\n\n\t\t\t\t\t\t<\/div>\n\t\t\t\t<\/div>\n\t\t\t\t\t<\/div>\n\t\t<\/div>\n\t\t\t\t\t<\/div>\n\t\t<\/section>\n\t\t<div class=\"elementor-element elementor-element-1608e64 e-flex e-con-boxed e-con e-parent\" data-id=\"1608e64\" data-element_type=\"container\">\n\t\t\t\t\t<div class=\"e-con-inner\">\n\t\t\t\t<div class=\"elementor-element elementor-element-76e7110 elementor-widget elementor-widget-heading\" data-id=\"76e7110\" data-element_type=\"widget\" data-widget_type=\"heading.default\">\n\t\t\t\t\t<h3 class=\"elementor-heading-title elementor-size-default\">Surprise your beloved ones with a relaxing wellness experience!<\/h3>\t\t\t\t<\/div>\n\t\t\t\t<div class=\"elementor-element elementor-element-a347f75 elementor-widget elementor-widget-text-editor\" data-id=\"a347f75\" data-element_type=\"widget\" data-widget_type=\"text-editor.default\">\n\t\t\t\t\t\t\t\t\t<p>Aj\u00e1nd\u00e9kutalv\u00e1nyunk apartmanjaink \u00e9s lakoszt\u00e1lyaink b\u00e1rmelyik\u00e9re megv\u00e1s\u00e1rolhat\u00f3, tetsz\u0151leges id\u0151tartamra, de minimum 2 \u00e9jszak\u00e1s tart\u00f3zkod\u00e1sra. Az aj\u00e1nd\u00e9kutalv\u00e1nyok a ki\u00e1ll\u00edt\u00e1st\u00f3l sz\u00e1m\u00edtott egy \u00e9vig \u00e9rv\u00e9nyesek. \u00dcnnepnapokon fel\u00e1r ellen\u00e9ben v\u00e1lthat\u00f3k be.\u00a0<\/p>\n<p>Aj\u00e1nd\u00e9kutalv\u00e1nyaink nem \u00e1truh\u00e1zhat\u00f3k, k\u00e9szp\u00e9nzre nem v\u00e1lthat\u00f3k.<\/p>\n<p>For more information, please contact us through one of our contact options!<\/p>\t\t\t\t\t\t\t\t<\/div>\n\t\t\t\t\t<\/div>\n\t\t\t\t<\/div>\n\t\t\t\t<section class=\"elementor-section elementor-top-section elementor-element elementor-element-2b77515 elementor-section-full_width elementor-section-height-default elementor-section-height-default\" data-id=\"2b77515\" data-element_type=\"section\" data-settings=\"{&quot;background_background&quot;:&quot;classic&quot;}\">\n\t\t\t\t\t\t<div class=\"elementor-container elementor-column-gap-no\">\n\t\t\t\t\t<div class=\"elementor-column elementor-col-100 elementor-top-column elementor-element elementor-element-cc1082c\" data-id=\"cc1082c\" data-element_type=\"column\">\n\t\t\t<div class=\"elementor-widget-wrap elementor-element-populated\">\n\t\t\t\t\t\t<div class=\"elementor-element elementor-element-93d83ae elementor-widget elementor-widget-kinsley-testimonials\" data-id=\"93d83ae\" data-element_type=\"widget\" data-widget_type=\"kinsley-testimonials.default\">\n\t\t\t\t<div class=\"elementor-widget-container\">\n\t\t\t\t\t\n\t\t<!-- testimonials -->\n\t    <section class=\"knsl-transition-none knsl-p-0-80\">\n\t      \n\t      <div class=\"container\">\n\t        <div class=\"row justify-content-center\">\n\t          \t          <div class=\"col-lg-12\">\n\n\t            <div class=\"knsl-center knsl-title-frame knsl-scroll-animation knsl-mb-80\">\n\t              \t              <h2 class=\"knsl-title--h knsl-mb-20\">\n\t              \t<span >\n\t\t\t\t\t          \tGuest feedback\t\t\t\t\t        <\/span>\n\t              <\/h2>\n\t              \t              \t\t\t\t\t\t\t\t<div class=\"knsl-text\">\n\t\t\t\t\t\t\t\t\t<p>\n\t\t              \t<span >\n\t\t\t\t\t          \t\tRead what our guests, who have already experienced the comfort and hospitality of Fibula Residence Hotel &amp; Wellness, have to say about us.\t\t\t\t\t        \t<\/span>\n\t\t              <\/p>\n\t\t\t\t\t\t\t\t<\/div>\n\t              \t            <\/div>\n\n\t          <\/div>\n\t          \t          \t          <div class=\"col-lg-6\">\n\n\t            <!-- slider -->\n\t            <div class=\"swiper-slider knsl-testimonials-slider knsl-scroll-animation\">\n\t              <div class=\"swiper-wrapper\">\n\t                \t                <div class=\"swiper-slide\">\n\n\t                  <div class=\"knsl-testimonial-card\">\n\t                    \t                    <div class=\"knsl-avatar-frame\">\n\t                      <img decoding=\"async\" src=\"https:\/\/fibulahotel.hu\/wp-content\/uploads\/2021\/10\/faces-1-140x140.jpg\" alt=\"Oscar Newman\" \/>\n\t                    <\/div>\n\t                    \t                    <div class=\"knsl-name-and-text\">\n\t                      \t                      <h3 class=\"knsl-mb-10\">\n\t                      \t<span >\n\t\t\t\t\t\t\t\tOscar Newman\t\t\t\t\t\t\t<\/span>\n\t                      <\/h3>\n\t                      \t                      \t                      <div class=\"knsl-subtitle--h\">\n\t                      \t<span >\n\t\t\t\t\t\t\t\tFrom Poland\t\t\t\t\t\t\t<\/span>\n\t                      <\/div>\n\t                      \t\t\t\t\t\t  \t                      <blockquote>\n\t                        \t\t\t\t\t\t\t\t<ul class=\"knsl-stars\">\n\t\t\t\t\t\t\t\t\t\t\t\t\t\t\t\t\t\t\t\t\t\t\t\t\t\t\t<li><i class=\"fas fa-star\"><\/i><\/li>\n\t\t\t\t\t\t\t\t\t\t\t\t\t\t\t\t\t\t\t\t\t\t\t\t\t\t\t\t\t\t\t\t\t\t\t\t<li><i class=\"fas fa-star\"><\/i><\/li>\n\t\t\t\t\t\t\t\t\t\t\t\t\t\t\t\t\t\t\t\t\t\t\t\t\t\t\t\t\t\t\t\t\t\t\t\t<li><i class=\"fas fa-star\"><\/i><\/li>\n\t\t\t\t\t\t\t\t\t\t\t\t\t\t\t\t\t\t\t\t\t\t\t\t\t\t\t\t\t\t\t\t\t\t\t\t<li><i class=\"fas fa-star\"><\/i><\/li>\n\t\t\t\t\t\t\t\t\t\t\t\t\t\t\t\t\t\t\t\t\t\t\t\t\t\t\t\t\t\t\t\t\t\t\t\t<li><i class=\"fas fa-star\"><\/i><\/li>\n\t\t\t\t\t\t\t\t\t\t\t\t\t\t\t\t\t\t\t\t\t\t\t\t\t\t<\/ul>\n\t\t\t\t\t\t    \n\t                        \t                        \t<div >\n\t\t\t\t\t\t\t\t\tDequi folores dolor sit amet, consectetur adipisicing elit. Nesciunt illo, delectus totam! Delectus illo magnam voluptatem a tempora id vitae dolor, quis natus iusto molestiae ab nam error vero possimus ullam facilis porro veritatis?\t\t\t\t\t\t\t\t<\/div>\n\t                        \t                      <\/blockquote>\n\t\t\t\t\t\t  \t                    <\/div>\n\t                  <\/div>\n\n\t                <\/div>\n\t                \t                <div class=\"swiper-slide\">\n\n\t                  <div class=\"knsl-testimonial-card\">\n\t                    \t                    <div class=\"knsl-avatar-frame\">\n\t                      <img decoding=\"async\" src=\"https:\/\/fibulahotel.hu\/wp-content\/uploads\/2021\/10\/faces-2-140x140.jpg\" alt=\"Emma Trueman\" \/>\n\t                    <\/div>\n\t                    \t                    <div class=\"knsl-name-and-text\">\n\t                      \t                      <h3 class=\"knsl-mb-10\">\n\t                      \t<span >\n\t\t\t\t\t\t\t\tEmma Trueman\t\t\t\t\t\t\t<\/span>\n\t                      <\/h3>\n\t                      \t                      \t                      <div class=\"knsl-subtitle--h\">\n\t                      \t<span >\n\t\t\t\t\t\t\t\tFrom Poland\t\t\t\t\t\t\t<\/span>\n\t                      <\/div>\n\t                      \t\t\t\t\t\t  \t                      <blockquote>\n\t                        \t\t\t\t\t\t\t\t<ul class=\"knsl-stars\">\n\t\t\t\t\t\t\t\t\t\t\t\t\t\t\t\t\t\t\t\t\t\t\t\t\t\t\t<li><i class=\"fas fa-star\"><\/i><\/li>\n\t\t\t\t\t\t\t\t\t\t\t\t\t\t\t\t\t\t\t\t\t\t\t\t\t\t\t\t\t\t\t\t\t\t\t\t<li><i class=\"fas fa-star\"><\/i><\/li>\n\t\t\t\t\t\t\t\t\t\t\t\t\t\t\t\t\t\t\t\t\t\t\t\t\t\t\t\t\t\t\t\t\t\t\t\t<li><i class=\"fas fa-star\"><\/i><\/li>\n\t\t\t\t\t\t\t\t\t\t\t\t\t\t\t\t\t\t\t\t\t\t\t\t\t\t\t\t\t\t\t\t\t\t\t\t<li><i class=\"fas fa-star\"><\/i><\/li>\n\t\t\t\t\t\t\t\t\t\t\t\t\t\t\t\t\t\t\t\t\t\t\t\t\t\t\t\t\t\t\t\t\t\t\t\t<li><i class=\"fas fa-star\"><\/i><\/li>\n\t\t\t\t\t\t\t\t\t\t\t\t\t\t\t\t\t\t\t\t\t\t\t\t\t\t<\/ul>\n\t\t\t\t\t\t    \n\t                        \t                        \t<div >\n\t\t\t\t\t\t\t\t\tDequi folores dolor sit amet, consectetur adipisicing elit. Nesciunt illo, delectus totam! Delectus illo magnam voluptatem a tempora id vitae dolor, quis natus iusto molestiae ab nam error vero possimus ullam facilis porro veritatis?\t\t\t\t\t\t\t\t<\/div>\n\t                        \t                      <\/blockquote>\n\t\t\t\t\t\t  \t                    <\/div>\n\t                  <\/div>\n\n\t                <\/div>\n\t                \t                <div class=\"swiper-slide\">\n\n\t                  <div class=\"knsl-testimonial-card\">\n\t                    \t                    <div class=\"knsl-avatar-frame\">\n\t                      <img decoding=\"async\" src=\"https:\/\/fibulahotel.hu\/wp-content\/uploads\/2021\/10\/faces-3-scaled-1-140x140.jpg\" alt=\"Viktoria Freeman\" \/>\n\t                    <\/div>\n\t                    \t                    <div class=\"knsl-name-and-text\">\n\t                      \t                      <h3 class=\"knsl-mb-10\">\n\t                      \t<span >\n\t\t\t\t\t\t\t\tViktoria Freeman\t\t\t\t\t\t\t<\/span>\n\t                      <\/h3>\n\t                      \t                      \t                      <div class=\"knsl-subtitle--h\">\n\t                      \t<span >\n\t\t\t\t\t\t\t\tFrom Ukraine\t\t\t\t\t\t\t<\/span>\n\t                      <\/div>\n\t                      \t\t\t\t\t\t  \t                      <blockquote>\n\t                        \t\t\t\t\t\t\t\t<ul class=\"knsl-stars\">\n\t\t\t\t\t\t\t\t\t\t\t\t\t\t\t\t\t\t\t\t\t\t\t\t\t\t\t<li><i class=\"fas fa-star\"><\/i><\/li>\n\t\t\t\t\t\t\t\t\t\t\t\t\t\t\t\t\t\t\t\t\t\t\t\t\t\t\t\t\t\t\t\t\t\t\t\t<li><i class=\"fas fa-star\"><\/i><\/li>\n\t\t\t\t\t\t\t\t\t\t\t\t\t\t\t\t\t\t\t\t\t\t\t\t\t\t\t\t\t\t\t\t\t\t\t\t<li><i class=\"fas fa-star\"><\/i><\/li>\n\t\t\t\t\t\t\t\t\t\t\t\t\t\t\t\t\t\t\t\t\t\t\t\t\t\t\t\t\t\t\t\t\t\t\t\t<li><i class=\"fas fa-star\"><\/i><\/li>\n\t\t\t\t\t\t\t\t\t\t\t\t\t\t\t\t\t\t\t\t\t\t\t\t\t\t\t\t\t\t\t\t\t\t\t\t<li><i class=\"fas fa-star\"><\/i><\/li>\n\t\t\t\t\t\t\t\t\t\t\t\t\t\t\t\t\t\t\t\t\t\t\t\t\t\t<\/ul>\n\t\t\t\t\t\t    \n\t                        \t                        \t<div >\n\t\t\t\t\t\t\t\t\tDequi folores dolor sit amet, consectetur adipisicing elit. Nesciunt illo, delectus totam! Delectus illo magnam voluptatem a tempora id vitae dolor, quis natus iusto molestiae ab nam error vero possimus ullam facilis porro veritatis?\t\t\t\t\t\t\t\t<\/div>\n\t                        \t                      <\/blockquote>\n\t\t\t\t\t\t  \t                    <\/div>\n\t                  <\/div>\n\n\t                <\/div>\n\t                \t                <div class=\"swiper-slide\">\n\n\t                  <div class=\"knsl-testimonial-card\">\n\t                    \t                    <div class=\"knsl-avatar-frame\">\n\t                      <img decoding=\"async\" src=\"https:\/\/fibulahotel.hu\/wp-content\/uploads\/2021\/10\/faces-4-140x140.jpg\" alt=\"Paul Oldman\" \/>\n\t                    <\/div>\n\t                    \t                    <div class=\"knsl-name-and-text\">\n\t                      \t                      <h3 class=\"knsl-mb-10\">\n\t                      \t<span >\n\t\t\t\t\t\t\t\tPaul Oldman\t\t\t\t\t\t\t<\/span>\n\t                      <\/h3>\n\t                      \t                      \t                      <div class=\"knsl-subtitle--h\">\n\t                      \t<span >\n\t\t\t\t\t\t\t\tFrom Spain\t\t\t\t\t\t\t<\/span>\n\t                      <\/div>\n\t                      \t\t\t\t\t\t  \t                      <blockquote>\n\t                        \t\t\t\t\t\t\t\t<ul class=\"knsl-stars\">\n\t\t\t\t\t\t\t\t\t\t\t\t\t\t\t\t\t\t\t\t\t\t\t\t\t\t\t<li><i class=\"fas fa-star\"><\/i><\/li>\n\t\t\t\t\t\t\t\t\t\t\t\t\t\t\t\t\t\t\t\t\t\t\t\t\t\t\t\t\t\t\t\t\t\t\t\t<li><i class=\"fas fa-star\"><\/i><\/li>\n\t\t\t\t\t\t\t\t\t\t\t\t\t\t\t\t\t\t\t\t\t\t\t\t\t\t\t\t\t\t\t\t\t\t\t\t<li><i class=\"fas fa-star\"><\/i><\/li>\n\t\t\t\t\t\t\t\t\t\t\t\t\t\t\t\t\t\t\t\t\t\t\t\t\t\t\t\t\t\t\t\t\t\t\t\t<li><i class=\"fas fa-star\"><\/i><\/li>\n\t\t\t\t\t\t\t\t\t\t\t\t\t\t\t\t\t\t\t\t\t\t\t\t\t\t\t\t\t\t\t\t\t\t\t\t<li><i class=\"fas fa-star\"><\/i><\/li>\n\t\t\t\t\t\t\t\t\t\t\t\t\t\t\t\t\t\t\t\t\t\t\t\t\t\t<\/ul>\n\t\t\t\t\t\t    \n\t                        \t                        \t<div >\n\t\t\t\t\t\t\t\t\tDequi folores dolor sit amet, consectetur adipisicing elit. Nesciunt illo, delectus totam! Delectus illo magnam voluptatem a tempora id vitae dolor, quis natus iusto molestiae ab nam error vero possimus ullam facilis porro veritatis?\t\t\t\t\t\t\t\t<\/div>\n\t                        \t                      <\/blockquote>\n\t\t\t\t\t\t  \t                    <\/div>\n\t                  <\/div>\n\n\t                <\/div>\n\t                \t              <\/div>\n\t              <div class=\"knsl-testimonials-nav\">\n\t                <div class=\"knsl-testimonials-slider-1-prev\"><i class=\"fas fa-arrow-left\"><\/i><\/div>\n\t                <div class=\"knsl-testimonials-slider-1-next\"><i class=\"fas fa-arrow-right\"><\/i><\/div>\n\t              <\/div>\n\t            <\/div>\n\t            <!-- slider end -->\n\n\t          <\/div>\n\t          \t        <\/div>\n\t      <\/div>\n\t    <\/section>\n\t    <!-- testimonials end -->\n\n\t\t\t\t\t\t<\/div>\n\t\t\t\t<\/div>\n\t\t\t\t\t<\/div>\n\t\t<\/div>\n\t\t\t\t\t<\/div>\n\t\t<\/section>\n\t\t\t\t<\/div>","protected":false},"excerpt":{"rendered":"<p>Aj\u00e1nd\u00e9kozzon pihentet\u0151 wellness \u00e9lm\u00e9nyt Szeretteinek! Aj\u00e1nd\u00e9kozzon pihentet\u0151 wellness \u00e9lm\u00e9nyt Szeretteinek! Aj\u00e1nd\u00e9kutalv\u00e1nyunk apartmanjaink \u00e9s lakoszt\u00e1lyaink b\u00e1rmelyik\u00e9re megv\u00e1s\u00e1rolhat\u00f3, tetsz\u0151leges id\u0151tartamra, de minimum&#8230; <span class=\"knsl-el-more\"><a href=\"https:\/\/fibulahotel.hu\/en\/ajandekozzon-pihenteto-wellness-elmenyt-szeretteinek\/\" class=\"knsl-btn\">Read more<span class=\"screen-reader-text\">Read more&nbsp;Aj\u00e1nd\u00e9kozzon pihentet\u0151 wellness \u00e9lm\u00e9nyt Szeretteinek!<\/span><\/a><\/span><\/p>","protected":false},"author":1,"featured_media":0,"parent":0,"menu_order":1,"comment_status":"closed","ping_status":"closed","template":"template-layout-builder.php","meta":{"_acf_changed":false,"inline_featured_image":false,"_monsterinsights_skip_tracking":false,"_monsterinsights_sitenote_active":false,"_monsterinsights_sitenote_note":"","_monsterinsights_sitenote_category":0,"footnotes":""},"class_list":["post-4137","page","type-page","status-publish","hentry"],"acf":[],"aioseo_notices":[],"_links":{"self":[{"href":"https:\/\/fibulahotel.hu\/en\/wp-json\/wp\/v2\/pages\/4137","targetHints":{"allow":["GET"]}}],"collection":[{"href":"https:\/\/fibulahotel.hu\/en\/wp-json\/wp\/v2\/pages"}],"about":[{"href":"https:\/\/fibulahotel.hu\/en\/wp-json\/wp\/v2\/types\/page"}],"author":[{"embeddable":true,"href":"https:\/\/fibulahotel.hu\/en\/wp-json\/wp\/v2\/users\/1"}],"replies":[{"embeddable":true,"href":"https:\/\/fibulahotel.hu\/en\/wp-json\/wp\/v2\/comments?post=4137"}],"version-history":[{"count":4,"href":"https:\/\/fibulahotel.hu\/en\/wp-json\/wp\/v2\/pages\/4137\/revisions"}],"predecessor-version":[{"id":4141,"href":"https:\/\/fibulahotel.hu\/en\/wp-json\/wp\/v2\/pages\/4137\/revisions\/4141"}],"wp:attachment":[{"href":"https:\/\/fibulahotel.hu\/en\/wp-json\/wp\/v2\/media?parent=4137"}],"curies":[{"name":"wp","href":"https:\/\/api.w.org\/{rel}","templated":true}]}}