{"id":287,"date":"2021-12-05T00:09:06","date_gmt":"2021-12-05T00:09:06","guid":{"rendered":"https:\/\/bslthemes.com\/kinsley\/?page_id=287"},"modified":"2025-10-06T21:03:29","modified_gmt":"2025-10-06T21:03:29","slug":"fibula-residence-hotel-wellness","status":"publish","type":"page","link":"https:\/\/fibulahotel.hu\/de\/fibula-residence-hotel-wellness\/","title":{"rendered":"Fibula Residence\u00a0Hotel &amp; Wellness****"},"content":{"rendered":"<div data-elementor-type=\"wp-page\" data-elementor-id=\"287\" class=\"elementor elementor-287\" data-elementor-post-type=\"page\">\n\t\t\t\t\t\t<section class=\"elementor-section elementor-top-section elementor-element elementor-element-bb5256a elementor-section-full_width elementor-section-height-default elementor-section-height-default\" data-id=\"bb5256a\" data-element_type=\"section\" data-settings=\"{&quot;background_background&quot;:&quot;classic&quot;}\">\n\t\t\t\t\t\t\t<div class=\"elementor-background-overlay\"><\/div>\n\t\t\t\t\t\t\t<div class=\"elementor-container elementor-column-gap-no\">\n\t\t\t\t\t<div class=\"elementor-column elementor-col-100 elementor-top-column elementor-element elementor-element-dec0541\" data-id=\"dec0541\" data-element_type=\"column\">\n\t\t\t<div class=\"elementor-widget-wrap elementor-element-populated\">\n\t\t\t\t\t\t<div class=\"elementor-element elementor-element-80e1cce elementor-widget elementor-widget-kinsley-intro\" data-id=\"80e1cce\" data-element_type=\"widget\" data-widget_type=\"kinsley-intro.default\">\n\t\t\t\t<div class=\"elementor-widget-container\">\n\t\t\t\t\t\n    <!-- banner -->\n    <section class=\"knsl-banner-simple knsl-transition-bottom knsl-banner-white\">\n      \n\t  \n      <div class=\"container\">\n        <div class=\"row\">\n          <div class=\"col-lg-12\">\n\n            <div class=\"knsl-center knsl-title-frame\">\n                            <h1 class=\"knsl-title--h knsl-mb-20 knsl-h1-inner\">\n                <span >\n                    Fibula Residence\nHotel &amp; Wellness****                <\/span>\n              <\/h1>\n                            \n              \n            <\/div>\n\n          <\/div>\n        <\/div>\n      <\/div>\n    <\/section>\n    <!-- banner end -->\n\n\t\t\t\t\t\t<\/div>\n\t\t\t\t<\/div>\n\t\t\t\t\t<\/div>\n\t\t<\/div>\n\t\t\t\t\t<\/div>\n\t\t<\/section>\n\t\t\t\t<section class=\"elementor-section elementor-top-section elementor-element elementor-element-1edd412 elementor-section-boxed elementor-section-height-default elementor-section-height-default\" data-id=\"1edd412\" data-element_type=\"section\" data-settings=\"{&quot;background_background&quot;:&quot;classic&quot;}\">\n\t\t\t\t\t\t<div class=\"elementor-container elementor-column-gap-no\">\n\t\t\t\t\t<div class=\"elementor-column elementor-col-100 elementor-top-column elementor-element elementor-element-d8a79f3\" data-id=\"d8a79f3\" data-element_type=\"column\">\n\t\t\t<div class=\"elementor-widget-wrap elementor-element-populated\">\n\t\t\t\t\t\t<div class=\"elementor-element elementor-element-adcfc4a elementor-widget__width-initial elementor-widget elementor-widget-image\" data-id=\"adcfc4a\" data-element_type=\"widget\" data-widget_type=\"image.default\">\n\t\t\t\t\t\t\t\t\t\t\t\t\t\t\t<img decoding=\"async\" width=\"100\" height=\"100\" src=\"https:\/\/fibulahotel.hu\/wp-content\/uploads\/2025\/09\/no-children-ikon.png\" class=\"attachment-large size-large wp-image-4124\" alt=\"\" \/>\t\t\t\t\t\t\t\t\t\t\t\t\t\t\t<\/div>\n\t\t\t\t<div class=\"elementor-element elementor-element-8e49f81 elementor-widget__width-initial elementor-widget elementor-widget-image\" data-id=\"8e49f81\" data-element_type=\"widget\" data-widget_type=\"image.default\">\n\t\t\t\t\t\t\t\t\t\t\t\t\t\t\t<img decoding=\"async\" width=\"100\" height=\"100\" src=\"https:\/\/fibulahotel.hu\/wp-content\/uploads\/2025\/09\/parking-ikon.png\" class=\"attachment-large size-large wp-image-4125\" alt=\"\" \/>\t\t\t\t\t\t\t\t\t\t\t\t\t\t\t<\/div>\n\t\t\t\t<div class=\"elementor-element elementor-element-218c775 elementor-widget__width-initial elementor-widget elementor-widget-image\" data-id=\"218c775\" data-element_type=\"widget\" data-widget_type=\"image.default\">\n\t\t\t\t\t\t\t\t\t\t\t\t\t\t\t<img decoding=\"async\" width=\"100\" height=\"100\" src=\"https:\/\/fibulahotel.hu\/wp-content\/uploads\/2025\/09\/swimming-pool-ikon.png\" class=\"attachment-large size-large wp-image-4126\" alt=\"\" \/>\t\t\t\t\t\t\t\t\t\t\t\t\t\t\t<\/div>\n\t\t\t\t<div class=\"elementor-element elementor-element-46e9a1e elementor-widget__width-initial elementor-widget elementor-widget-image\" data-id=\"46e9a1e\" data-element_type=\"widget\" data-widget_type=\"image.default\">\n\t\t\t\t\t\t\t\t\t\t\t\t\t\t\t<img loading=\"lazy\" decoding=\"async\" width=\"100\" height=\"100\" src=\"https:\/\/fibulahotel.hu\/wp-content\/uploads\/2025\/09\/wifi-ikon.png\" class=\"attachment-large size-large wp-image-4127\" alt=\"\" \/>\t\t\t\t\t\t\t\t\t\t\t\t\t\t\t<\/div>\n\t\t\t\t<div class=\"elementor-element elementor-element-76992f6 elementor-widget elementor-widget-text-editor\" data-id=\"76992f6\" data-element_type=\"widget\" data-widget_type=\"text-editor.default\">\n\t\t\t\t\t\t\t\t\t<h3>Die erste und einzige Erwachsenen-freundliche Unterkunft in P\u00e9cs hei\u00dft G\u00e4ste \u00fcber 14 Jahren in einer besonderen, exklusiven Umgebung herzlich willkommen.<\/h3><p class=\"translation-block\">Unser einzigartiger Geb\u00e4udekomplex in P\u00e9cs wurde 2020 \u00fcbergeben. Es befindet sich auf ungef\u00e4hr 4000 m2 Fl\u00e4che im Herzen der ruhiger und exklusiver Umgebung der Innenstadt. Das Fibula Residence Hotel &amp; Wellness **** wurde auf einem aufregenden Gebiet gebaut, wo damals Kaiser Diokletian mit seinem Heer durchgezogen sein konnte. Der Name \u201eFibula\u201c ist auch dem zu verdanken, da die Arch\u00e4ologen w\u00e4hrend einer jahre lang dauernder Freilegung die zwiebelk\u00f6pfige Fibel mit unsch\u00e4tzbarem Wert gefunden haben, nach der unser Aparthotel schliesslich den Namen erhalten hat.<\/p><p>Wir erwarten unsere lieben G\u00e4ste, die auf der Suche nach einer qualitativen Unterkunft in der Innenstadt von P\u00e9cs sind, mit insgesamt 32 modernen Apartments und Zimmer in unmittelbarer N\u00e4he der wichtigsten Sehensw\u00fcrdichkeiten der Stadt. Unser Geb\u00e4udekomplex steht aus 5 verschiedene Einheiten, die separat anzun\u00e4hern sind dank der \u00e4usseren G\u00e4nge.<\/p><p>Das breite Angebot der modernen Wellnesseinrichtung, bietet unserem K\u00f6rper und der Seele die perfekte Entspannung.<\/p><p>Unser Konferenzraum und unser keller\u00e4hnlicher Raum bieten die ideale Umgebung f\u00fcr Firmenveranstaltungen, Teambuildings, oder f\u00fcr Konferenzen und Hochzeiten mit weniger Teilnehmerzahl.<\/p>\t\t\t\t\t\t\t\t<\/div>\n\t\t\t\t<div class=\"elementor-element elementor-element-871c858 elementor-widget elementor-widget-kinsley-buttons\" data-id=\"871c858\" data-element_type=\"widget\" data-widget_type=\"kinsley-buttons.default\">\n\t\t\t\t<div class=\"elementor-widget-container\">\n\t\t\t\t\t\n        <!-- action button -->\n        <a  href=\"http:\/\/fibulahotel.hu\/de\/biztonsagi-intezkedeseink\/\" class=\"knsl-btn knsl-btn-md\">\n                        <span >\n            Unsere Sicherheitsma\u00dfnahmen            <\/span>\n        <\/a>\n        <!-- action button end -->\n\n\t\t\t\t\t\t<\/div>\n\t\t\t\t<\/div>\n\t\t\t\t\t<\/div>\n\t\t<\/div>\n\t\t\t\t\t<\/div>\n\t\t<\/section>\n\t\t\t\t<\/div>","protected":false},"excerpt":{"rendered":"<p>Fibula Residence Hotel &amp; Wellness**** P\u00e9cs els\u0151 \u00e9s egyetlen feln\u0151ttbar\u00e1t sz\u00e1ll\u00e1shelyek\u00e9nt szeretettel v\u00e1rjuk 14 \u00e9v feletti vend\u00e9geinket k\u00fcl\u00f6nleges, exkluz\u00edv k\u00f6rnyezetben&#8230;. <span class=\"knsl-el-more\"><a href=\"https:\/\/fibulahotel.hu\/de\/fibula-residence-hotel-wellness\/\" class=\"knsl-btn\">Read more<span class=\"screen-reader-text\">Read more&nbsp;Fibula Residence\u00a0Hotel &amp; Wellness****<\/span><\/a><\/span><\/p>","protected":false},"author":1,"featured_media":0,"parent":0,"menu_order":8,"comment_status":"closed","ping_status":"closed","template":"template-layout-builder.php","meta":{"_acf_changed":false,"inline_featured_image":false,"_monsterinsights_skip_tracking":false,"_monsterinsights_sitenote_active":false,"_monsterinsights_sitenote_note":"","_monsterinsights_sitenote_category":0,"footnotes":""},"class_list":["post-287","page","type-page","status-publish","hentry"],"acf":[],"aioseo_notices":[],"_links":{"self":[{"href":"https:\/\/fibulahotel.hu\/de\/wp-json\/wp\/v2\/pages\/287","targetHints":{"allow":["GET"]}}],"collection":[{"href":"https:\/\/fibulahotel.hu\/de\/wp-json\/wp\/v2\/pages"}],"about":[{"href":"https:\/\/fibulahotel.hu\/de\/wp-json\/wp\/v2\/types\/page"}],"author":[{"embeddable":true,"href":"https:\/\/fibulahotel.hu\/de\/wp-json\/wp\/v2\/users\/1"}],"replies":[{"embeddable":true,"href":"https:\/\/fibulahotel.hu\/de\/wp-json\/wp\/v2\/comments?post=287"}],"version-history":[{"count":26,"href":"https:\/\/fibulahotel.hu\/de\/wp-json\/wp\/v2\/pages\/287\/revisions"}],"predecessor-version":[{"id":4844,"href":"https:\/\/fibulahotel.hu\/de\/wp-json\/wp\/v2\/pages\/287\/revisions\/4844"}],"wp:attachment":[{"href":"https:\/\/fibulahotel.hu\/de\/wp-json\/wp\/v2\/media?parent=287"}],"curies":[{"name":"wp","href":"https:\/\/api.w.org\/{rel}","templated":true}]}}